{"id":2469,"date":"2012-10-25T10:43:25","date_gmt":"2012-10-25T10:43:25","guid":{"rendered":"http:\/\/markagen.net\/?page_id=59"},"modified":"2021-11-01T15:28:56","modified_gmt":"2021-11-01T15:28:56","slug":"pocetna","status":"publish","type":"page","link":"https:\/\/contentprima.com\/sr\/","title":{"rendered":"Po\u010detna"},"content":{"rendered":"<div id='fullscreen_slider_1'  class='avia-fullscreen-slider main_color   avia-builder-el-0  el_before_av_hr  avia-builder-el-first   container_wrap fullsize' style=' '  ><a href='#next-section' title='' class='scroll-down-link av-control-default' aria-hidden='true' data-av_icon='\ue877' data-av_iconfont='entypo-fontello'><\/a><div   data-size='no scaling'  data-lightbox_size='large'  data-animation='slide'  data-conditional_play=''  data-ids='3123'  data-video_counter='0'  data-autoplay='false'  data-bg_slider='true'  data-slide_height='100'  data-handle='av_fullscreen'  data-interval='5'  data-class=' '  data-el_id=''  data-css_id='fullscreen_slider_1'  data-scroll_down='aviaTBscroll_down'  data-control_layout='av-control-default'  data-custom_markup=''  data-perma_caption=''  data-autoplay_stopper=''  data-image_attachment=''  data-min_height='0px'  data-stretch=''  class='avia-slideshow avia-slideshow-1 av-slider-scroll-down-active av-control-default av-default-height-applied avia-slideshow-no scaling av_fullscreen   avia-slide-slider '  itemprop=\"image\" itemscope=\"itemscope\" itemtype=\"https:\/\/schema.org\/ImageObject\" ><ul class='avia-slideshow-inner ' style='padding-bottom: 35.733333333333%;' ><li style='background-position:top center;' data-img-url='https:\/\/contentprima.com\/wp-content\/uploads\/2012\/10\/slikanaslovna2.gif' class=' av-single-slide slide-1 ' ><div data-rel='slideshow-1' class='avia-slide-wrap '   ><div class = \"caption_fullwidth av-slideshow-caption caption_center caption_center_framed caption_framed\"><div class = \"container caption_container\"><div class = \"slideshow_caption\"><div class = \"slideshow_inner_caption\"><div class = \"slideshow_align_caption\"><h2  style='font-size:50px; ' class='avia-caption-title  '  itemprop=\"name\" >Internet marketing koji pravi razliku<\/h2><div class='avia-caption-content  av_inherit_color'  itemprop=\"description\"   style='font-size:25px; '><p>Pun spektar internet marketing usluga orjentisanih na sadr\u017eaj koji donosi rezultate<\/p>\n<\/div><a href='https:\/\/contentprima.com\/sr\/internet-marketing\/'  class='avia-slideshow-button avia-button avia-color-light ' data-duration='800' data-easing='easeInOutQuad'>Kako do vrhunskih rezultata?<\/a><\/div><\/div><\/div><\/div><\/div><\/div><\/li><\/ul><\/div><\/div><div id='after_full_slider_1'  class='main_color av_default_container_wrap container_wrap fullsize' style=' '  ><div class='container' ><div class='template-page content  av-content-full alpha units'><div class='post-entry post-entry-type-page post-entry-2469'><div class='entry-content-wrapper clearfix'>\n<div  style='height:40px' class='hr hr-invisible   avia-builder-el-1  el_after_av_fullscreen  el_before_av_heading  avia-builder-el-first '><span class='hr-inner ' ><span class='hr-inner-style'><\/span><\/span><\/div>\n<div  style='padding-bottom:10px; color:#10599f;font-size:40px;' class='av-special-heading av-special-heading-h3 custom-color-heading blockquote modern-quote modern-centered  avia-builder-el-2  el_after_av_hr  el_before_av_layout_row  avia-builder-el-last  av-inherit-size '><h3 class='av-special-heading-tag '  itemprop=\"headline\"  >Usluge<\/h3><div class='special-heading-border'><div class='special-heading-inner-border' style='border-color:#10599f'><\/div><\/div><\/div>\n<\/div><\/div><\/div><!-- close content main div --><\/div><\/div><div id='av-layout-grid-1'  class='av-layout-grid-container entry-content-wrapper main_color av-flex-cells     avia-builder-el-3  el_after_av_heading  el_before_av_hr  submenu-not-first container_wrap fullsize' style=' '  >\n<div class=\"flex_cell no_margin av_one_fifth  avia-builder-el-4  el_before_av_cell_one_fifth  avia-builder-el-first   \"  style='vertical-align:top; padding:30px; background-color:#ffffff; ' ><div class='flex_cell_inner' ><p><div  class='avia-image-container avia_animated_image avia_animate_when_almost_visible pop-up av-styling-    avia-builder-el-5  el_before_av_heading  avia-builder-el-first  avia-align-center '  itemprop=\"image\" itemscope=\"itemscope\" itemtype=\"https:\/\/schema.org\/ImageObject\"  ><div class='avia-image-container-inner'><div class='avia-image-overlay-wrap'><img class='avia_image' src='https:\/\/contentprima.com\/wp-content\/uploads\/2012\/10\/Untitled-5.gif' alt='' title='Untitled-5' height=\"150\" width=\"150\"  itemprop=\"thumbnailUrl\"  \/><\/div><\/div><\/div><br \/>\n<div  style='padding-bottom:10px; color:#10599f;' class='av-special-heading av-special-heading-h3 custom-color-heading blockquote modern-quote modern-centered  avia-builder-el-6  el_after_av_image  el_before_av_textblock  '><h3 class='av-special-heading-tag '  itemprop=\"headline\"  >Digitalna strategija<\/h3><div class='special-heading-border'><div class='special-heading-inner-border' style='border-color:#10599f'><\/div><\/div><\/div><br \/>\n<section class=\"av_textblock_section \"  itemscope=\"itemscope\" itemtype=\"https:\/\/schema.org\/CreativeWork\" ><div class='avia_textblock  '  style='font-size:18px; '  itemprop=\"text\" ><p style=\"text-align: center;\">Sve po\u010dinje dobrom strategijom. Sednemo za sto sa istim ciljem, da prona\u0111emo na\u010din kako da Va\u0161 biznis u\u010dinimo vidljivijim, prepoznatljivijim i profitabilnijim<\/p>\n<\/div><\/section><br \/>\n<div  class='avia-button-wrap avia-button-center  avia-builder-el-8  el_after_av_textblock  avia-builder-el-last ' ><a href='https:\/\/contentprima.com\/sr\/digitalna-strategija\/'  class='avia-button   avia-icon_select-no avia-color-dark avia-size-small avia-position-center '   ><span class='avia_iconbox_title' >Saznaj vi\u0161e<\/span><\/a><\/div><\/p>\n<\/div><\/div><div class=\"flex_cell no_margin av_one_fifth  avia-builder-el-9  el_after_av_cell_one_fifth  el_before_av_cell_one_fifth   \"  style='vertical-align:top; padding:30px; background-color:#ffffff; ' ><div class='flex_cell_inner' ><p><div  class='avia-image-container avia_animated_image avia_animate_when_almost_visible pop-up av-styling-    avia-builder-el-10  el_before_av_heading  avia-builder-el-first  avia-align-center '  itemprop=\"image\" itemscope=\"itemscope\" itemtype=\"https:\/\/schema.org\/ImageObject\"  ><div class='avia-image-container-inner'><div class='avia-image-overlay-wrap'><img class='avia_image' src='https:\/\/contentprima.com\/wp-content\/uploads\/2012\/10\/Untitled-7.gif' alt='' title='Untitled-7' height=\"150\" width=\"150\"  itemprop=\"thumbnailUrl\"  \/><\/div><\/div><\/div><br \/>\n<div  style='padding-bottom:10px; color:#10599f;' class='av-special-heading av-special-heading-h3 custom-color-heading blockquote modern-quote modern-centered  avia-builder-el-11  el_after_av_image  el_before_av_textblock  '><h3 class='av-special-heading-tag '  itemprop=\"headline\"  >Kreiranje sad\u017eaja<\/h3><div class='special-heading-border'><div class='special-heading-inner-border' style='border-color:#10599f'><\/div><\/div><\/div><br \/>\n<section class=\"av_textblock_section \"  itemscope=\"itemscope\" itemtype=\"https:\/\/schema.org\/CreativeWork\" ><div class='avia_textblock  '  style='font-size:18px; '  itemprop=\"text\" ><p style=\"text-align: center;\">Kreiramo koristan i kvalitetan multimedijalni sadr\u017eaj koji je optimizovan i ciljano osmi\u0161ljen da privu\u010de potencijalne klijente da ga rado pregledaju i dele.<\/p>\n<\/div><\/section><br \/>\n<div  class='avia-button-wrap avia-button-center  avia-builder-el-13  el_after_av_textblock  avia-builder-el-last ' ><a href='https:\/\/contentprima.com\/sr\/marketing-sadrzajem\/'  class='avia-button   avia-icon_select-no avia-color-dark avia-size-small avia-position-center '   ><span class='avia_iconbox_title' >Saznaj vi\u0161e<\/span><\/a><\/div><\/p>\n<\/div><\/div><div class=\"flex_cell no_margin av_one_fifth  avia-builder-el-14  el_after_av_cell_one_fifth  el_before_av_cell_one_fifth   \"  style='vertical-align:top; padding:30px; background-color:#ffffff; ' ><div class='flex_cell_inner' ><p><div  class='avia-image-container avia_animated_image avia_animate_when_almost_visible pop-up av-styling-    avia-builder-el-15  el_before_av_heading  avia-builder-el-first  avia-align-center '  itemprop=\"image\" itemscope=\"itemscope\" itemtype=\"https:\/\/schema.org\/ImageObject\"  ><div class='avia-image-container-inner'><div class='avia-image-overlay-wrap'><img class='avia_image' src='https:\/\/contentprima.com\/wp-content\/uploads\/2012\/10\/Untitled-21.gif' alt='' title='Untitled-2' height=\"150\" width=\"150\"  itemprop=\"thumbnailUrl\"  \/><\/div><\/div><\/div><br \/>\n<div  style='padding-bottom:10px; color:#10599f;' class='av-special-heading av-special-heading-h3 custom-color-heading blockquote modern-quote modern-centered  avia-builder-el-16  el_after_av_image  el_before_av_textblock  '><h3 class='av-special-heading-tag '  itemprop=\"headline\"  >Web razvoj i dizajn<\/h3><div class='special-heading-border'><div class='special-heading-inner-border' style='border-color:#10599f'><\/div><\/div><\/div><br \/>\n<section class=\"av_textblock_section \"  itemscope=\"itemscope\" itemtype=\"https:\/\/schema.org\/CreativeWork\" ><div class='avia_textblock  '  style='font-size:18px; '  itemprop=\"text\" ><p style=\"text-align: center;\">Sajtove koje kreiramo su bazirani na sistemima za menad\u017ement sadr\u017eaja. Oni se posebno prilago\u0111avaju potrebama Va\u0161eg biznisa. Spremni da promovi\u0161u Va\u0161 biznis i proizvode.<\/p>\n<\/div><\/section><br \/>\n<div  class='avia-button-wrap avia-button-center  avia-builder-el-18  el_after_av_textblock  avia-builder-el-last ' ><a href='https:\/\/contentprima.com\/sr\/web-razvoj\/'  class='avia-button   avia-icon_select-no avia-color-dark avia-size-small avia-position-center '   ><span class='avia_iconbox_title' >Saznaj vi\u0161e<\/span><\/a><\/div><\/p>\n<\/div><\/div><div class=\"flex_cell no_margin av_one_fifth  avia-builder-el-19  el_after_av_cell_one_fifth  el_before_av_cell_one_fifth   \"  style='vertical-align:top; padding:30px; background-color:#ffffff; ' ><div class='flex_cell_inner' ><p><div  class='avia-image-container avia_animated_image avia_animate_when_almost_visible pop-up av-styling-    avia-builder-el-20  el_before_av_heading  avia-builder-el-first  avia-align-center '  itemprop=\"image\" itemscope=\"itemscope\" itemtype=\"https:\/\/schema.org\/ImageObject\"  ><div class='avia-image-container-inner'><div class='avia-image-overlay-wrap'><img class='avia_image' src='https:\/\/contentprima.com\/wp-content\/uploads\/2012\/10\/Untitled-8.gif' alt='' title='Untitled-8' height=\"150\" width=\"150\"  itemprop=\"thumbnailUrl\"  \/><\/div><\/div><\/div><br \/>\n<div  style='padding-bottom:10px; color:#10599f;' class='av-special-heading av-special-heading-h3 custom-color-heading blockquote modern-quote modern-centered  avia-builder-el-21  el_after_av_image  el_before_av_textblock  '><h3 class='av-special-heading-tag '  itemprop=\"headline\"  >Internet marketing<\/h3><div class='special-heading-border'><div class='special-heading-inner-border' style='border-color:#10599f'><\/div><\/div><\/div><br \/>\n<section class=\"av_textblock_section \"  itemscope=\"itemscope\" itemtype=\"https:\/\/schema.org\/CreativeWork\" ><div class='avia_textblock  '  style='font-size:18px; '  itemprop=\"text\" ><p style=\"text-align: center;\">Promovi\u0161emo Va\u0161 biznis na dru\u0161tvenim mre\u017eama (Facebook, Twitter, Google+&#8230;) kroz vo\u0111enje naloga i pla\u0107ene kampanje. Promovi\u0161emo putem emaila, zakupljivanjem prostora na internetu i pla\u0107enim kampanjama na pretra\u017eiva\u010dima.<\/p>\n<\/div><\/section><br \/>\n<div  class='avia-button-wrap avia-button-center  avia-builder-el-23  el_after_av_textblock  avia-builder-el-last ' ><a href='https:\/\/contentprima.com\/sr\/internet-marketing\/'  class='avia-button   avia-icon_select-no avia-color-dark avia-size-small avia-position-center '   ><span class='avia_iconbox_title' >Saznaj vi\u0161e<\/span><\/a><\/div><\/p>\n<\/div><\/div><div class=\"flex_cell no_margin av_one_fifth  avia-builder-el-24  el_after_av_cell_one_fifth  avia-builder-el-last   \"  style='vertical-align:top; padding:30px; ' ><div class='flex_cell_inner' ><p><div  class='avia-image-container avia_animated_image avia_animate_when_almost_visible pop-up av-styling-    avia-builder-el-25  el_before_av_heading  avia-builder-el-first  avia-align-center '  itemprop=\"image\" itemscope=\"itemscope\" itemtype=\"https:\/\/schema.org\/ImageObject\"  ><div class='avia-image-container-inner'><div class='avia-image-overlay-wrap'><img class='avia_image' src='https:\/\/contentprima.com\/wp-content\/uploads\/2012\/10\/Untitled-3.gif' alt='' title='Untitled-3' height=\"150\" width=\"150\"  itemprop=\"thumbnailUrl\"  \/><\/div><\/div><\/div><br \/>\n<div  style='padding-bottom:10px; color:#10599f;' class='av-special-heading av-special-heading-h3 custom-color-heading blockquote modern-quote modern-centered  avia-builder-el-26  el_after_av_image  el_before_av_textblock  '><h3 class='av-special-heading-tag '  itemprop=\"headline\"  >Analitika<\/h3><div class='special-heading-border'><div class='special-heading-inner-border' style='border-color:#10599f'><\/div><\/div><\/div><br \/>\n<section class=\"av_textblock_section \"  itemscope=\"itemscope\" itemtype=\"https:\/\/schema.org\/CreativeWork\" ><div class='avia_textblock  '  style='font-size:18px; '  itemprop=\"text\" ><p style=\"text-align: center;\">Rezultate na\u0161eg rada u svakom trenutku mo\u017eete pratiti. Koristimo najsavremenije aplikacije za analizu poseta sajtu i pra\u0107enje posetilaca. Modifikujemo sadr\u017eaje u skladu sa opse\u017enom i dubinskom analizom.<\/p>\n<\/div><\/section><br \/>\n<div  class='avia-button-wrap avia-button-center  avia-builder-el-28  el_after_av_textblock  avia-builder-el-last ' ><a href='https:\/\/contentprima.com\/sr\/analitika\/'  class='avia-button   avia-icon_select-no avia-color-dark avia-size-small avia-position-center '   ><span class='avia_iconbox_title' >Saznaj vi\u0161e<\/span><\/a><\/div><\/p>\n<\/div><\/div><\/div><div id='after_submenu_1'  class='main_color av_default_container_wrap container_wrap fullsize' style=' '  ><div class='container' ><div class='template-page content  av-content-full alpha units'><div class='post-entry post-entry-type-page post-entry-2469'><div class='entry-content-wrapper clearfix'><div  style='height:40px' class='hr hr-invisible   avia-builder-el-29  el_after_av_layout_row  el_before_av_one_full  avia-builder-el-first '><span class='hr-inner ' ><span class='hr-inner-style'><\/span><\/span><\/div><\/p>\n<div class=\"flex_column av_one_full  flex_column_div av-zero-column-padding first  avia-builder-el-30  el_after_av_hr  el_before_av_section  avia-builder-el-last  \" style='border-radius:0px; '><div  id=\"av-sc-portfolio-1\"  class=\"av-portfolio-grid-sorting-container\"><div class='sort_width_container  av-sort-yes' data-portfolio-id='1' ><div id='js_sort_items' ><div class='sort_by_cat hidden '><a href=\"#\" data-filter=\"all_sort\" class=\"all_sort_button active_sort\"><span class=\"inner_sort_button\"><span>All<\/span><small class=\"av-cat-count\"> 5 <\/small><\/span><\/a><\/div><\/div><\/div><div  class=' grid-sort-container isotope   no_margin-container with-excerpt-container grid-total-odd grid-col-5 grid-links-' data-portfolio-id='1'><div data-ajax-id='3247' class=' grid-entry flex_column isotope-item all_sort no_margin post-entry post-entry-3247 grid-entry-overview grid-loop-1 grid-parity-odd   av_one_fifth first default_av_fullwidth '><article class='main_color inner-entry'  itemscope=\"itemscope\" itemtype=\"https:\/\/schema.org\/CreativeWork\" ><a href='https:\/\/contentprima.com\/sr\/portfolio-item\/izrada-sajta-za-autoprevoz-taxitours\/' title='Izrada sajta za autoprevoz &#8211; Taxitours'  data-rel='grid-1' class='grid-image avia-hover-fx'><img loading=\"lazy\" decoding=\"async\" width=\"260\" height=\"185\" src=\"https:\/\/contentprima.com\/wp-content\/uploads\/2020\/08\/taxitours-260x185.png\" class=\"attachment-portfolio_small size-portfolio_small wp-post-image\" alt=\"\" \/><\/a><div class='grid-content'><div class='avia-arrow'><\/div><header class=\"entry-content-header\"><h3 class='grid-entry-title entry-title '  itemprop=\"headline\" ><a href='https:\/\/contentprima.com\/sr\/portfolio-item\/izrada-sajta-za-autoprevoz-taxitours\/' title='Izrada sajta za autoprevoz &#8211; Taxitours'>Izrada sajta za autoprevoz &#8211; Taxitours<\/a><\/h3><\/header><\/div><footer class=\"entry-footer\"><\/footer><\/article><\/div><div data-ajax-id='3243' class=' grid-entry flex_column isotope-item all_sort no_margin post-entry post-entry-3243 grid-entry-overview grid-loop-2 grid-parity-even   av_one_fifth  default_av_fullwidth '><article class='main_color inner-entry'  itemscope=\"itemscope\" itemtype=\"https:\/\/schema.org\/CreativeWork\" ><a href='https:\/\/contentprima.com\/sr\/portfolio-item\/internet-marketing-za-salon-kinetico-salon-za-profesionalnu-masazu\/' title='Internet marketing za salon &#8211; Kinetico salon za profesionalnu masa\u017eu'  data-rel='grid-1' class='grid-image avia-hover-fx'><img loading=\"lazy\" decoding=\"async\" width=\"260\" height=\"185\" src=\"https:\/\/contentprima.com\/wp-content\/uploads\/2020\/08\/2-260x185.png\" class=\"attachment-portfolio_small size-portfolio_small wp-post-image\" alt=\"\" \/><\/a><div class='grid-content'><div class='avia-arrow'><\/div><header class=\"entry-content-header\"><h3 class='grid-entry-title entry-title '  itemprop=\"headline\" ><a href='https:\/\/contentprima.com\/sr\/portfolio-item\/internet-marketing-za-salon-kinetico-salon-za-profesionalnu-masazu\/' title='Internet marketing za salon &#8211; Kinetico salon za profesionalnu masa\u017eu'>Internet marketing za salon &#8211; Kinetico salon za profesionalnu masa\u017eu<\/a><\/h3><\/header><\/div><footer class=\"entry-footer\"><\/footer><\/article><\/div><div data-ajax-id='3231' class=' grid-entry flex_column isotope-item all_sort no_margin post-entry post-entry-3231 grid-entry-overview grid-loop-3 grid-parity-odd   av_one_fifth  default_av_fullwidth '><article class='main_color inner-entry'  itemscope=\"itemscope\" itemtype=\"https:\/\/schema.org\/CreativeWork\" ><a href='https:\/\/contentprima.com\/sr\/portfolio-item\/marketing-za-prodavnicu-suplemenata-za-sportiste-xplode-nutrition\/' title='Marketing za prodavnicu suplemenata za sportiste &#8211; XPLODE NUTRITION'  data-rel='grid-1' class='grid-image avia-hover-fx'><img loading=\"lazy\" decoding=\"async\" width=\"260\" height=\"185\" src=\"https:\/\/contentprima.com\/wp-content\/uploads\/2020\/08\/3-260x185.png\" class=\"attachment-portfolio_small size-portfolio_small wp-post-image\" alt=\"\" \/><\/a><div class='grid-content'><div class='avia-arrow'><\/div><header class=\"entry-content-header\"><h3 class='grid-entry-title entry-title '  itemprop=\"headline\" ><a href='https:\/\/contentprima.com\/sr\/portfolio-item\/marketing-za-prodavnicu-suplemenata-za-sportiste-xplode-nutrition\/' title='Marketing za prodavnicu suplemenata za sportiste &#8211; XPLODE NUTRITION'>Marketing za prodavnicu suplemenata za sportiste &#8211; XPLODE NUTRITION<\/a><\/h3><\/header><\/div><footer class=\"entry-footer\"><\/footer><\/article><\/div><div data-ajax-id='3226' class=' grid-entry flex_column isotope-item all_sort no_margin post-entry post-entry-3226 grid-entry-overview grid-loop-4 grid-parity-even   av_one_fifth  default_av_fullwidth '><article class='main_color inner-entry'  itemscope=\"itemscope\" itemtype=\"https:\/\/schema.org\/CreativeWork\" ><a href='https:\/\/contentprima.com\/sr\/portfolio-item\/marketing-za-fakultet-visoka-skola-socijalnog-rada\/' title='Marketing za fakultet &#8211; Visoka \u0161kola socijalnog rada'  data-rel='grid-1' class='grid-image avia-hover-fx'><img loading=\"lazy\" decoding=\"async\" width=\"260\" height=\"185\" src=\"https:\/\/contentprima.com\/wp-content\/uploads\/2020\/08\/1-260x185.png\" class=\"attachment-portfolio_small size-portfolio_small wp-post-image\" alt=\"\" \/><\/a><div class='grid-content'><div class='avia-arrow'><\/div><header class=\"entry-content-header\"><h3 class='grid-entry-title entry-title '  itemprop=\"headline\" ><a href='https:\/\/contentprima.com\/sr\/portfolio-item\/marketing-za-fakultet-visoka-skola-socijalnog-rada\/' title='Marketing za fakultet &#8211; Visoka \u0161kola socijalnog rada'>Marketing za fakultet &#8211; Visoka \u0161kola socijalnog rada<\/a><\/h3><\/header><\/div><footer class=\"entry-footer\"><\/footer><\/article><\/div><div data-ajax-id='3213' class=' grid-entry flex_column isotope-item all_sort no_margin post-entry post-entry-3213 grid-entry-overview grid-loop-5 grid-parity-odd  post-entry-last   av_one_fifth  default_av_fullwidth '><article class='main_color inner-entry'  itemscope=\"itemscope\" itemtype=\"https:\/\/schema.org\/CreativeWork\" ><a href='https:\/\/contentprima.com\/sr\/portfolio-item\/sajt-za-poznate-licnosti\/' title='Izrada sajta za poznate li\u010dnosti &#8211; Lepomir Baki\u0107 &#8211; Official Website'  data-rel='grid-1' class='grid-image avia-hover-fx'><img loading=\"lazy\" decoding=\"async\" width=\"260\" height=\"185\" src=\"https:\/\/contentprima.com\/wp-content\/uploads\/2020\/08\/lepomir-260x185.png\" class=\"attachment-portfolio_small size-portfolio_small wp-post-image\" alt=\"\" \/><\/a><div class='grid-content'><div class='avia-arrow'><\/div><header class=\"entry-content-header\"><h3 class='grid-entry-title entry-title '  itemprop=\"headline\" ><a href='https:\/\/contentprima.com\/sr\/portfolio-item\/sajt-za-poznate-licnosti\/' title='Izrada sajta za poznate li\u010dnosti &#8211; Lepomir Baki\u0107 &#8211; Official Website'>Izrada sajta za poznate li\u010dnosti &#8211; Lepomir Baki\u0107 &#8211; Official Website<\/a><\/h3><\/header><\/div><footer class=\"entry-footer\"><\/footer><\/article><\/div><\/div><\/div>   <!--   class=\"av-portfolio-grid-sorting-container\"  --><\/div>\n<\/div><\/div><\/div><!-- close content main div --><\/div><\/div><div id='av_section_1'  class='avia-section main_color avia-section-default avia-no-shadow  avia-bg-style-scroll  avia-builder-el-32  el_after_av_one_full  el_before_av_heading   container_wrap fullsize' style='background-color: #10599f;  '  ><div class='container' ><div class='template-page content  av-content-full alpha units'><div class='post-entry post-entry-type-page post-entry-2469'><div class='entry-content-wrapper clearfix'>\n<div class=\"flex_column av_one_full  flex_column_div first  avia-builder-el-33  avia-builder-el-no-sibling  \" ><section class=\"av_textblock_section \"  itemscope=\"itemscope\" itemtype=\"https:\/\/schema.org\/CreativeWork\" ><div class='avia_textblock  av_inherit_color '  style='font-size:34px; color:#ffffff; '  itemprop=\"text\" ><p style=\"text-align: left;\">Ponosni na \u010dinjenicu da poma\u017eemo biznisima <strong>da rastu<\/strong>. 90% novih klijenata dobijemo <strong>na preporuku.<\/strong><\/p>\n<\/div><\/section><\/div>\n<\/div><\/div><\/div><!-- close content main div --><\/div><\/div><div id='after_section_1'  class='main_color av_default_container_wrap container_wrap fullsize' style=' '  ><div class='container' ><div class='template-page content  av-content-full alpha units'><div class='post-entry post-entry-type-page post-entry-2469'><div class='entry-content-wrapper clearfix'>\n<div  style='padding-bottom:10px; color:#10599f;' class='av-special-heading av-special-heading-h3 custom-color-heading   avia-builder-el-35  el_after_av_section  el_before_av_image  avia-builder-el-first  '><h3 class='av-special-heading-tag '  itemprop=\"headline\"  >Radimo sa najve\u0107im svetskim ogla\u0161iva\u010dima i servisima<\/h3><div class='special-heading-border'><div class='special-heading-inner-border' style='border-color:#10599f'><\/div><\/div><\/div>\n<div  class='avia-image-container  av-styling-    avia-builder-el-36  el_after_av_heading  avia-builder-el-last  avia-align-center '  itemprop=\"image\" itemscope=\"itemscope\" itemtype=\"https:\/\/schema.org\/ImageObject\"  ><div class='avia-image-container-inner'><div class='avia-image-overlay-wrap'><img class='avia_image' src='https:\/\/contentprima.com\/wp-content\/uploads\/2012\/10\/servisi.gif' alt='' title='servisi' height=\"150\" width=\"1357\"  itemprop=\"thumbnailUrl\"  \/><\/div><\/div><\/div>\n","protected":false},"excerpt":{"rendered":"","protected":false},"author":3,"featured_media":3126,"parent":0,"menu_order":0,"comment_status":"open","ping_status":"open","template":"","meta":{"footnotes":""},"class_list":["post-2469","page","type-page","status-publish","has-post-thumbnail","hentry"],"_links":{"self":[{"href":"https:\/\/contentprima.com\/sr\/wp-json\/wp\/v2\/pages\/2469","targetHints":{"allow":["GET"]}}],"collection":[{"href":"https:\/\/contentprima.com\/sr\/wp-json\/wp\/v2\/pages"}],"about":[{"href":"https:\/\/contentprima.com\/sr\/wp-json\/wp\/v2\/types\/page"}],"author":[{"embeddable":true,"href":"https:\/\/contentprima.com\/sr\/wp-json\/wp\/v2\/users\/3"}],"replies":[{"embeddable":true,"href":"https:\/\/contentprima.com\/sr\/wp-json\/wp\/v2\/comments?post=2469"}],"version-history":[{"count":55,"href":"https:\/\/contentprima.com\/sr\/wp-json\/wp\/v2\/pages\/2469\/revisions"}],"predecessor-version":[{"id":3331,"href":"https:\/\/contentprima.com\/sr\/wp-json\/wp\/v2\/pages\/2469\/revisions\/3331"}],"wp:featuredmedia":[{"embeddable":true,"href":"https:\/\/contentprima.com\/sr\/wp-json\/wp\/v2\/media\/3126"}],"wp:attachment":[{"href":"https:\/\/contentprima.com\/sr\/wp-json\/wp\/v2\/media?parent=2469"}],"curies":[{"name":"wp","href":"https:\/\/api.w.org\/{rel}","templated":true}]}}