{"id":2938,"date":"2014-12-23T22:48:37","date_gmt":"2014-12-23T22:48:37","guid":{"rendered":"http:\/\/contentprima.com\/?page_id=2938"},"modified":"2015-01-03T22:39:25","modified_gmt":"2015-01-03T22:39:25","slug":"drustvene-mreze","status":"publish","type":"page","link":"https:\/\/contentprima.com\/sr\/drustvene-mreze\/","title":{"rendered":"Dru\u0161tvene mre\u017ee"},"content":{"rendered":"<div id='full_slider_1'  class='avia-fullwidth-slider main_color avia-shadow   avia-builder-el-0  el_before_av_section  avia-builder-el-first   container_wrap fullsize' style=' '  ><div   data-size='featured'  data-lightbox_size='large'  data-animation='slide'  data-conditional_play=''  data-ids='2939'  data-video_counter='0'  data-autoplay='false'  data-bg_slider='false'  data-slide_height=''  data-handle='av_slideshow_full'  data-interval='5'  data-class=' '  data-el_id=''  data-css_id=''  data-scroll_down=''  data-control_layout='av-control-default'  data-custom_markup=''  data-perma_caption=''  data-autoplay_stopper=''  data-image_attachment=''  data-min_height='0px'  data-src=''  data-position='top left'  data-repeat='no-repeat'  data-attach='scroll'  data-stretch=''  data-default-height='28.666666666667'  class='avia-slideshow avia-slideshow-1  av-control-default av-default-height-applied avia-slideshow-featured av_slideshow_full   avia-slide-slider '  itemprop=\"image\" itemscope=\"itemscope\" itemtype=\"https:\/\/schema.org\/ImageObject\" ><ul class='avia-slideshow-inner ' style='padding-bottom: 28.666666666667%;' ><li  class=' av-single-slide slide-1 ' ><div data-rel='slideshow-1' class='avia-slide-wrap '   ><div class = \"caption_fullwidth av-slideshow-caption caption_right caption_right_framed caption_framed\"><div class = \"container caption_container\"><div class = \"slideshow_caption\"><div class = \"slideshow_inner_caption\"><div class = \"slideshow_align_caption\"><h2  style='font-size:55px; ' class='avia-caption-title  '  itemprop=\"name\" >Odu\u0161evite Va\u0161u publiku<\/h2><div class='avia-caption-content  av_inherit_color'  itemprop=\"description\"   style='font-size:40px; '><p>Marketing na dru\u0161tvenim mre\u017eama<\/p>\n<\/div><\/div><\/div><\/div><\/div><\/div><img src='https:\/\/contentprima.com\/wp-content\/uploads\/2014\/12\/publika.gif' width='1500' height='430' title='publika' alt=''  itemprop=\"thumbnailUrl\"   \/><\/div><\/li><\/ul><\/div><\/div>\n<div id='av_section_1'  class='avia-section main_color avia-section-default avia-no-shadow  avia-bg-style-scroll  avia-builder-el-1  el_after_av_slideshow_full  el_before_av_section   container_wrap fullsize' style=' '  ><div class='container' ><div class='template-page content  av-content-full alpha units'><div class='post-entry post-entry-type-page post-entry-2938'><div class='entry-content-wrapper clearfix'>\n<div class=\"flex_column av_one_fifth  flex_column_div first  avia-builder-el-2  el_before_av_three_fifth  avia-builder-el-first  \" ><\/div><div class=\"flex_column av_three_fifth  flex_column_div   avia-builder-el-3  el_after_av_one_fifth  el_before_av_hr  \" ><section class=\"av_textblock_section \"  itemscope=\"itemscope\" itemtype=\"https:\/\/schema.org\/CreativeWork\" ><div class='avia_textblock  '   itemprop=\"text\" ><p>Marketing na dru\u0161tvenim mre\u017eama je ve\u0107 du\u017ee vreme prisutan na ovim prostorima i kompanije ga uveliko koriste za promovisanje svog brenda, usluga i proizvoda.<\/p>\n<p>Oni brendovi koji nisu uvideli vrednost u promociji na dru\u0161tvenim mre\u017eama kao \u0161to su Facebook, Twitter, Google+, Instagram, Pinterest i YouTube, sada to definitivno \u010dine i ovu vrstu marketinga uklju\u010duju kao stavke u svojim bud\u017eetima.<\/p>\n<p>Internet je konstantno \u017eiva stvar i na njemu se u svakom trenutku obavlja globalna komunikacija me\u0111u ljudima. Ljudi jedni drugima prenose svoja znanja i iskustva. Ako niste tamo i niko vas ne pominje, kao da ne postojite.<\/p>\n<p>Tako\u0111e je bitno u kom kontekstu se pominje ime va\u0161eg brenda i va\u0161i proizvodi i usluge.<\/p>\n<p>Contentprima je tu za vas da iskomunicira va\u0161im klijentima sve ono \u0161to \u017eelite da im ka\u017eete, ali na pravi na\u010din. Tu smo i da slu\u0161amo klijente i da koriste\u0107i njihova zapa\u017eanja uka\u017eemo na one stvari koje su tra\u017eene ili se mogu pobolj\u0161ati a odnose se isklju\u010divo na va\u0161 biznis.<\/p>\n<p>Mo\u017eemo vam biti na usluzi tako \u0161to \u0107emo va\u0161 biznis u\u010diniti vidljivijim, a proizvode i usluge primamljivijim, koriste\u0107i dru\u0161tvene mre\u017ee.<\/p>\n<\/div><\/section><\/div><div  style='height:40px' class='hr hr-invisible   avia-builder-el-5  el_after_av_three_fifth  avia-builder-el-last '><span class='hr-inner ' ><span class='hr-inner-style'><\/span><\/span><\/div>\n<\/div><\/div><\/div><!-- close content main div --><\/div><\/div><div id='av_section_2'  class='avia-section main_color avia-section-default avia-no-shadow  avia-bg-style-scroll  avia-builder-el-6  el_after_av_section  el_before_av_section   container_wrap fullsize' style='background-color: #10599f;  '  ><div class='container' ><div class='template-page content  av-content-full alpha units'><div class='post-entry post-entry-type-page post-entry-2938'><div class='entry-content-wrapper clearfix'><\/p>\n<\/div><\/div><\/div><!-- close content main div --><\/div><\/div><div id='av_section_3'  class='avia-section main_color avia-section-default avia-no-border-styling  av-parallax-section avia-bg-style-parallax  avia-builder-el-7  el_after_av_section  el_before_av_section   container_wrap fullsize' style='background-color: #ffffff;  '  data-section-bg-repeat='no-repeat'><div class='av-parallax' data-avia-parallax-ratio='0.3' ><div class='av-parallax-inner main_color  avia-full-stretch' style = 'background-color: #ffffff; background-repeat: no-repeat; background-image: url(https:\/\/contentprima.com\/wp-content\/uploads\/2014\/12\/services-assessment-wrap2.jpg);background-attachment: scroll; background-position: center center; ' ><\/div><\/div><div class='container' ><div class='template-page content  av-content-full alpha units'><div class='post-entry post-entry-type-page post-entry-2938'><div class='entry-content-wrapper clearfix'>\n<div  style='padding-bottom:40px; color:#ffffff;font-size:70px;' class='av-special-heading av-special-heading-h3 custom-color-heading blockquote modern-quote  avia-builder-el-8  avia-builder-el-no-sibling  av-inherit-size '><h3 class='av-special-heading-tag '  itemprop=\"headline\"  >Bitno je kako vodite naloge na dru\u0161tvenim mre\u017eama<\/h3><div class='special-heading-border'><div class='special-heading-inner-border' style='border-color:#ffffff'><\/div><\/div><\/div>\n\n<\/div><\/div><\/div><!-- close content main div --><\/div><\/div><div id='av_section_4'  class='avia-section main_color avia-section-default avia-no-border-styling  avia-bg-style-scroll  avia-builder-el-9  el_after_av_section  el_before_av_section   container_wrap fullsize' style='background-color: #10599f;  '  ><div class='container' ><div class='template-page content  av-content-full alpha units'><div class='post-entry post-entry-type-page post-entry-2938'><div class='entry-content-wrapper clearfix'>\n<\/div><\/div><\/div><!-- close content main div --><\/div><\/div><div id='av_section_5'  class='avia-section main_color avia-section-default avia-no-shadow  avia-bg-style-scroll  avia-builder-el-10  el_after_av_section  el_before_av_section   container_wrap fullsize' style='background-color: #ffffff;  '  ><div class='container' ><div class='template-page content  av-content-full alpha units'><div class='post-entry post-entry-type-page post-entry-2938'><div class='entry-content-wrapper clearfix'>\n<div class=\"flex_column av_one_half  flex_column_div first  avia-builder-el-11  el_before_av_one_half  avia-builder-el-first  \" ><p><div  style='height:100px' class='hr hr-invisible   avia-builder-el-12  el_before_av_image  avia-builder-el-first '><span class='hr-inner ' ><span class='hr-inner-style'><\/span><\/span><\/div><br \/>\n<div  class='avia-image-container  av-styling-    avia-builder-el-13  el_after_av_hr  avia-builder-el-last  avia-align-center '  itemprop=\"image\" itemscope=\"itemscope\" itemtype=\"https:\/\/schema.org\/ImageObject\"  ><div class='avia-image-container-inner'><div class='avia-image-overlay-wrap'><img class='avia_image' src='https:\/\/contentprima.com\/wp-content\/uploads\/2014\/12\/Services_Social.png' alt='' title='Services_Social' height=\"275\" width=\"292\"  itemprop=\"thumbnailUrl\"  \/><\/div><\/div><\/div><\/p><\/div><div class=\"flex_column av_one_half  flex_column_div   avia-builder-el-14  el_after_av_one_half  avia-builder-el-last  \" ><section class=\"av_textblock_section \"  itemscope=\"itemscope\" itemtype=\"https:\/\/schema.org\/CreativeWork\" ><div class='avia_textblock  '   itemprop=\"text\" ><p>Na raspolaganju smo vam da vodimo naloge na najpopularnijim dru\u0161tvenim mre\u017eama.<\/p>\n<p>Prvo zajedno sa vama koncipiramo ciljeve i strategiju, a zatim u skladu sa time vodimo naloge i kreiramo kampanje.<\/p>\n<p>Na dru\u0161tvenim mre\u017eama je potrebno da ste prisutni svakodnevno, da komunicirate sa ljudima, da delite koristan i kvalitetan sadr\u017eaj koji \u0107e se dopasti ljudima i koji \u0107e \u017eeleti da podele sa prijateljima. Stoga za vas kreiramo sadr\u017eaj vredan deljenja i obezbe\u0111ujemo\u00a0 svakodnevno, aktivno i kreativno prisustvo na dru\u0161tvenim mre\u017eama.<\/p>\n<p>Kvalitetno vo\u0111enje naloga za vas zna\u010di direktan rast biznisa i stoga ne prepu\u0161tajte ovaj aspekt internet prisustva bilo kome.<\/p>\n<p>Ponekad jedna pogre\u0161na re\u010denica mo\u017ee zna\u010diti trajno uru\u0161en autoritet.<\/p>\n<\/div><\/section><\/div>\n\n<\/div><\/div><\/div><!-- close content main div --><\/div><\/div><div id='av_section_6'  class='avia-section main_color avia-section-default avia-no-shadow  avia-bg-style-scroll  avia-builder-el-16  el_after_av_section  el_before_av_section   container_wrap fullsize' style='background-color: #10599f;  '  ><div class='container' ><div class='template-page content  av-content-full alpha units'><div class='post-entry post-entry-type-page post-entry-2938'><div class='entry-content-wrapper clearfix'>\n<div  style='padding-bottom:40px; color:#ffffff;font-size:70px;' class='av-special-heading av-special-heading-h3 custom-color-heading blockquote modern-quote  avia-builder-el-17  avia-builder-el-no-sibling  av-inherit-size '><h3 class='av-special-heading-tag '  itemprop=\"headline\"  >Isplativi pla\u0107eni oglasi na dru\u0161tvenim mre\u017eama<\/h3><div class='special-heading-border'><div class='special-heading-inner-border' style='border-color:#ffffff'><\/div><\/div><\/div>\n\n<\/div><\/div><\/div><!-- close content main div --><\/div><\/div><div id='av_section_7'  class='avia-section main_color avia-section-default avia-no-shadow  avia-bg-style-scroll  avia-builder-el-18  el_after_av_section  avia-builder-el-last   container_wrap fullsize' style=' '  ><div class='container' ><div class='template-page content  av-content-full alpha units'><div class='post-entry post-entry-type-page post-entry-2938'><div class='entry-content-wrapper clearfix'>\n<div class=\"flex_column av_two_third  flex_column_div first  avia-builder-el-19  el_before_av_one_third  avia-builder-el-first  \" ><section class=\"av_textblock_section \"  itemscope=\"itemscope\" itemtype=\"https:\/\/schema.org\/CreativeWork\" ><div class='avia_textblock  '   itemprop=\"text\" ><p>Advertajzing na dru\u0161tvenim mre\u017eama omogu\u0107ava va\u0161em brendu da bude vidljiv za specifi\u010dnu publiku tj. osobe koji pripadaju precizno targetiranoj ciljnoj grupi.<\/p>\n<p>Targetiranje se mo\u017ee vr\u0161iti prema demografskim karakteristikama, lokaciji, interesovanjima, stvarima koje su lajkovali\u2026<\/p>\n<p>Zajedno odredimo ciljnu grupu ljudi koja za va\u0161 biznis predstavlja potencijalne klijente, a zatim koriste\u0107i alate na dru\u0161tvenim mre\u017eama odaberemo ta\u010dno tu grupu ljudi i pove\u0107avamo \u0161ansu da lajkuju va\u0161u stranicu ili po\u010dnu da vas prate.<\/p>\n<p>Prilikom pla\u0107enih promocija na\u0161 tim se uvek trudi da vam obezbedi najkvalitetniju i najisplativiju kampanju. Cena klika uglavnom zavisi od toga koliko se ljudima svi\u0111a sadr\u017eaj koji delite. Npr. ako promovi\u0161emo neki post na Facebooku grupi od 280000 ljudi, \u0161to ve\u0107i procenat ljudi klikne na va\u0161 post to je cena klika jeftinija.\u00a0 To zna\u010di da ako sadr\u017eaj koji promovi\u0161ete nije dovoljno kvalitetan ili je ciljna grupa ljudi lo\u0161e targetirana, za odre\u0111ena nov\u010dana sredstva dopre\u0107ete do mnogo manjeg broja ljudi i promocija ne\u0107e biti isplativa.<\/p>\n<p>Po\u0161to imamo mnogo iskustva u ovoj oblasti nau\u010dili smo da kreiramo kvalitetan sadr\u017eaj i targetiramo pravu publiku za svaki biznis. Stoga na\u0161e kampanje su isplative i kvalitetne i to je upravo ono \u0161to \u0107emo uraditi i za vas.<\/p>\n<p>U svakom trenutku obezbe\u0111ujemo transparentan uvid u statistike i pra\u0107enje rezultata promocije i vo\u0111enja naloga na dru\u0161tvenim mre\u017eama.<\/p>\n<\/div><\/section><\/div><div class=\"flex_column av_one_third  flex_column_div   avia-builder-el-21  el_after_av_two_third  avia-builder-el-last  \" ><p><div  class='avia-image-container  av-styling-    avia-builder-el-22  el_before_av_image  avia-builder-el-first  avia-align-center '  itemprop=\"image\" itemscope=\"itemscope\" itemtype=\"https:\/\/schema.org\/ImageObject\"  ><div class='avia-image-container-inner'><div class='avia-image-overlay-wrap'><img class='avia_image' src='https:\/\/contentprima.com\/wp-content\/uploads\/2014\/10\/ruka.gif' alt='' title='ruka' height=\"273\" width=\"470\"  itemprop=\"thumbnailUrl\"  \/><\/div><\/div><\/div><br \/>\n<div  class='avia-image-container  av-styling-    avia-builder-el-23  el_after_av_image  el_before_av_image  avia-align-center '  itemprop=\"image\" itemscope=\"itemscope\" itemtype=\"https:\/\/schema.org\/ImageObject\"  ><div class='avia-image-container-inner'><div class='avia-image-overlay-wrap'><img class='avia_image' src='https:\/\/contentprima.com\/wp-content\/uploads\/2014\/10\/ruka.gif' alt='' title='ruka' height=\"273\" width=\"470\"  itemprop=\"thumbnailUrl\"  \/><\/div><\/div><\/div><br \/>\n<div  class='avia-image-container  av-styling-    avia-builder-el-24  el_after_av_image  el_before_av_image  avia-align-center '  itemprop=\"image\" itemscope=\"itemscope\" itemtype=\"https:\/\/schema.org\/ImageObject\"  ><div class='avia-image-container-inner'><div class='avia-image-overlay-wrap'><img class='avia_image' src='https:\/\/contentprima.com\/wp-content\/uploads\/2014\/10\/ruka.gif' alt='' title='ruka' height=\"273\" width=\"470\"  itemprop=\"thumbnailUrl\"  \/><\/div><\/div><\/div><br \/>\n<div  class='avia-image-container  av-styling-no-styling    avia-builder-el-25  el_after_av_image  avia-builder-el-last  avia-align-center '  itemprop=\"image\" itemscope=\"itemscope\" itemtype=\"https:\/\/schema.org\/ImageObject\"  ><div class='avia-image-container-inner'><div class='avia-image-overlay-wrap'><img class='avia_image' src='http:\/\/markagen.net\/wp-content\/uploads\/2014\/10\/web-razvoj-iko-large.png' alt='' title=''   itemprop=\"thumbnailUrl\"  \/><\/div><\/div><\/div><\/p><\/div>\n\n","protected":false},"excerpt":{"rendered":"","protected":false},"author":1,"featured_media":0,"parent":0,"menu_order":0,"comment_status":"open","ping_status":"open","template":"","meta":{"footnotes":""},"class_list":["post-2938","page","type-page","status-publish","hentry"],"_links":{"self":[{"href":"https:\/\/contentprima.com\/sr\/wp-json\/wp\/v2\/pages\/2938","targetHints":{"allow":["GET"]}}],"collection":[{"href":"https:\/\/contentprima.com\/sr\/wp-json\/wp\/v2\/pages"}],"about":[{"href":"https:\/\/contentprima.com\/sr\/wp-json\/wp\/v2\/types\/page"}],"author":[{"embeddable":true,"href":"https:\/\/contentprima.com\/sr\/wp-json\/wp\/v2\/users\/1"}],"replies":[{"embeddable":true,"href":"https:\/\/contentprima.com\/sr\/wp-json\/wp\/v2\/comments?post=2938"}],"version-history":[{"count":11,"href":"https:\/\/contentprima.com\/sr\/wp-json\/wp\/v2\/pages\/2938\/revisions"}],"predecessor-version":[{"id":3053,"href":"https:\/\/contentprima.com\/sr\/wp-json\/wp\/v2\/pages\/2938\/revisions\/3053"}],"wp:attachment":[{"href":"https:\/\/contentprima.com\/sr\/wp-json\/wp\/v2\/media?parent=2938"}],"curies":[{"name":"wp","href":"https:\/\/api.w.org\/{rel}","templated":true}]}}